{"id":49,"date":"2013-01-19T15:39:38","date_gmt":"2013-01-19T15:39:38","guid":{"rendered":"http:\/\/jemten.se\/?page_id=49"},"modified":"2013-01-27T20:33:35","modified_gmt":"2013-01-27T19:33:35","slug":"home","status":"publish","type":"page","link":"https:\/\/jemten.se\/?page_id=49","title":{"rendered":"Home"},"content":{"rendered":"<p>Sl\u00e4kten \u00e4r v\u00e4rst<\/p>\n<p>En l\u00e5ngsamt v\u00e4xande samling artiklar om min sl\u00e4kt. Artiklar som \u00e4n menade att vara lite mer beskrivande \u00e4n den torra information du kan finna via l\u00e4nken &#8220;sl\u00e4kttr\u00e4d&#8221; ovan. Nytt tillkommer vartefter jag finner tid och inspiration.<\/p>\n<p>\/Thony<\/p>\n","protected":false},"excerpt":{"rendered":"<p>Sl\u00e4kten \u00e4r v\u00e4rst En l\u00e5ngsamt v\u00e4xande samling artiklar om min sl\u00e4kt. Artiklar som \u00e4n menade att vara lite mer beskrivande \u00e4n den torra information du kan finna via l\u00e4nken &#8220;sl\u00e4kttr\u00e4d&#8221; ovan. Nytt tillkommer vartefter jag finner tid och inspiration. \/Thony<\/p>\n","protected":false},"author":1,"featured_media":0,"parent":0,"menu_order":0,"comment_status":"open","ping_status":"open","template":"sidebar-page.php","meta":{"_s2mail":"","ngg_post_thumbnail":0,"footnotes":""},"class_list":["post-49","page","type-page","status-publish","hentry"],"_links":{"self":[{"href":"https:\/\/jemten.se\/index.php?rest_route=\/wp\/v2\/pages\/49","targetHints":{"allow":["GET"]}}],"collection":[{"href":"https:\/\/jemten.se\/index.php?rest_route=\/wp\/v2\/pages"}],"about":[{"href":"https:\/\/jemten.se\/index.php?rest_route=\/wp\/v2\/types\/page"}],"author":[{"embeddable":true,"href":"https:\/\/jemten.se\/index.php?rest_route=\/wp\/v2\/users\/1"}],"replies":[{"embeddable":true,"href":"https:\/\/jemten.se\/index.php?rest_route=%2Fwp%2Fv2%2Fcomments&post=49"}],"version-history":[{"count":7,"href":"https:\/\/jemten.se\/index.php?rest_route=\/wp\/v2\/pages\/49\/revisions"}],"predecessor-version":[{"id":159,"href":"https:\/\/jemten.se\/index.php?rest_route=\/wp\/v2\/pages\/49\/revisions\/159"}],"wp:attachment":[{"href":"https:\/\/jemten.se\/index.php?rest_route=%2Fwp%2Fv2%2Fmedia&parent=49"}],"curies":[{"name":"wp","href":"https:\/\/api.w.org\/{rel}","templated":true}]}}