{"id":45,"date":"2013-01-19T15:30:27","date_gmt":"2013-01-19T15:30:27","guid":{"rendered":"http:\/\/jemten.se\/?page_id=45"},"modified":"2013-01-27T20:47:36","modified_gmt":"2013-01-27T19:47:36","slug":"about","status":"publish","type":"page","link":"http:\/\/jemten.se\/?page_id=45","title":{"rendered":"About"},"content":{"rendered":"<p>&nbsp;<\/p>\n<p>Thony Ahlander, dvs jag, f\u00f6ddes i Brunflo men bor sedan m\u00e5nga \u00e5r i M\u00f6lndal. Jag kom att v\u00e4xa upp i \u00c5ngsta d\u00e4r mamma jobbade som sm\u00e5skoll\u00e4rare. Hon var f\u00f6dd i Tand Lockne socken och pappa i Kluk Alsen.<\/p>\n<p>Jag har jobbat med att kartl\u00e4gga deras sl\u00e4kter och h\u00e4r publiceras resultatet. Det \u00e4r ett p\u00e5g\u00e5ende arbete och l\u00e5ngt ifr\u00e5n f\u00e4rdigt. Men \u00e4nd\u00e5 information som jag hoppas skall vara av intresse. Det finns m\u00f6jlighet att p\u00e5 denna sida komma med inl\u00e4gg och synpunkter. Den som har hittat felaktigheter eller har kompletterande information \u00e4r mer \u00e4n v\u00e4lkommen att delge oss andra. Jag kommer att r\u00e4tta upp och komplettera inneh\u00e5llet\u00a0successivt.<\/p>\n<p>S\u00e5 vilka var d\u00e5 mina f\u00f6rf\u00e4der? Mest b\u00f6nder, dr\u00e4ngar pigor och soldater visar det sig. Fast en och annan pr\u00e4st och myndighetsperson finns ocks\u00e5. De allra flesta p\u00e5 mammas sida kommer fr\u00e5n trakterna av Lockne, Brunflo och N\u00e4s socknar. P\u00e5 pappas sida fr\u00e5n trakterna kring Alsen och Offerdal.\u00a0J\u00e4mtar\u00a0verkar de vara de flesta. Men det finns f\u00f6rst\u00e5s en del andra ocks\u00e5.<\/p>\n<p>Jag har i familjetr\u00e4det f\u00f6rs\u00f6kt ta med alla \u00e4ttlingar till min mormors och morfars f\u00f6r\u00e4ldrar. Det visar sig vara en ansenlig massa kusiner, trem\u00e4nningar, fyrm\u00e4nningar osv. S\u00e5 alla ni kommer att kunna f\u00f6lja \u00e5tminstone en del av era egna sl\u00e4kttr\u00e4d. S\u00e5 sm\u00e5ningom ska jag f\u00f6rs\u00f6ka inkludera ocks\u00e5 \u00e4ttlingarna till min farmors och farfars f\u00f6r\u00e4ldrar.<\/p>\n<p>L\u00e4nken ovan &#8220;sl\u00e4kttr\u00e4d&#8221; leder dig till databasen med ca 1200 personer. Om du g\u00e5r vilse s\u00e5 kom ih\u00e5g att efternamn skrivna med stora bokst\u00e4ver \u00e4r de som i rakt nedstigande led leder tillbaka till mig.<\/p>\n<p>Ha s\u00e5 kul&#8230;..<\/p>\n","protected":false},"excerpt":{"rendered":"<p>&nbsp; Thony Ahlander, dvs jag, f\u00f6ddes i Brunflo men bor sedan m\u00e5nga \u00e5r i M\u00f6lndal. Jag kom att v\u00e4xa upp i \u00c5ngsta d\u00e4r mamma jobbade som sm\u00e5skoll\u00e4rare. Hon var f\u00f6dd i Tand Lockne socken och pappa i Kluk Alsen. Jag &hellip; <a href=\"http:\/\/jemten.se\/?page_id=45\">Continue reading <span class=\"meta-nav\">&rarr;<\/span><\/a><\/p>\n","protected":false},"author":1,"featured_media":0,"parent":0,"menu_order":0,"comment_status":"open","ping_status":"open","template":"sidebar-page.php","meta":{"_s2mail":"","ngg_post_thumbnail":0,"footnotes":""},"class_list":["post-45","page","type-page","status-publish","hentry"],"_links":{"self":[{"href":"http:\/\/jemten.se\/index.php?rest_route=\/wp\/v2\/pages\/45","targetHints":{"allow":["GET"]}}],"collection":[{"href":"http:\/\/jemten.se\/index.php?rest_route=\/wp\/v2\/pages"}],"about":[{"href":"http:\/\/jemten.se\/index.php?rest_route=\/wp\/v2\/types\/page"}],"author":[{"embeddable":true,"href":"http:\/\/jemten.se\/index.php?rest_route=\/wp\/v2\/users\/1"}],"replies":[{"embeddable":true,"href":"http:\/\/jemten.se\/index.php?rest_route=%2Fwp%2Fv2%2Fcomments&post=45"}],"version-history":[{"count":4,"href":"http:\/\/jemten.se\/index.php?rest_route=\/wp\/v2\/pages\/45\/revisions"}],"predecessor-version":[{"id":162,"href":"http:\/\/jemten.se\/index.php?rest_route=\/wp\/v2\/pages\/45\/revisions\/162"}],"wp:attachment":[{"href":"http:\/\/jemten.se\/index.php?rest_route=%2Fwp%2Fv2%2Fmedia&parent=45"}],"curies":[{"name":"wp","href":"https:\/\/api.w.org\/{rel}","templated":true}]}}