{"id":172,"date":"2013-01-28T10:56:38","date_gmt":"2013-01-28T09:56:38","guid":{"rendered":"http:\/\/jemten.se\/?page_id=172"},"modified":"2025-12-14T22:08:59","modified_gmt":"2025-12-14T21:08:59","slug":"olof-august-hansson-och-familj","status":"publish","type":"page","link":"http:\/\/jemten.se\/?page_id=172","title":{"rendered":"Olof August Hansson och familj"},"content":{"rendered":"<p>Foton inkluderande min mormors far Olof August Hansson (1875-1950), hans hustru M\u00e4rta Christina Nilsdotter (1872-1902) eller deras barn<\/p>\n<ul>\n<li>Ida (1897)<\/li>\n<li>Hans Olof (1901)<\/li>\n<li>M\u00e4rta Brita (1902)<\/li>\n<\/ul>\n<p>Foton p\u00e5 barnen bara fram till dess de sj\u00e4lva bildar familj<\/p>\nngg_shortcode_0_placeholder\n","protected":false},"excerpt":{"rendered":"<p>Foton inkluderande min mormors far Olof August Hansson (1875-1950), hans hustru M\u00e4rta Christina Nilsdotter (1872-1902) eller deras barn Ida (1897) Hans Olof (1901) M\u00e4rta Brita (1902) Foton p\u00e5 barnen bara fram till dess de sj\u00e4lva bildar familj<\/p>\n","protected":false},"author":1,"featured_media":0,"parent":138,"menu_order":0,"comment_status":"open","ping_status":"open","template":"","meta":{"_s2mail":"yes","ngg_post_thumbnail":0,"footnotes":""},"class_list":["post-172","page","type-page","status-publish","hentry"],"_links":{"self":[{"href":"http:\/\/jemten.se\/index.php?rest_route=\/wp\/v2\/pages\/172","targetHints":{"allow":["GET"]}}],"collection":[{"href":"http:\/\/jemten.se\/index.php?rest_route=\/wp\/v2\/pages"}],"about":[{"href":"http:\/\/jemten.se\/index.php?rest_route=\/wp\/v2\/types\/page"}],"author":[{"embeddable":true,"href":"http:\/\/jemten.se\/index.php?rest_route=\/wp\/v2\/users\/1"}],"replies":[{"embeddable":true,"href":"http:\/\/jemten.se\/index.php?rest_route=%2Fwp%2Fv2%2Fcomments&post=172"}],"version-history":[{"count":7,"href":"http:\/\/jemten.se\/index.php?rest_route=\/wp\/v2\/pages\/172\/revisions"}],"predecessor-version":[{"id":443,"href":"http:\/\/jemten.se\/index.php?rest_route=\/wp\/v2\/pages\/172\/revisions\/443"}],"up":[{"embeddable":true,"href":"http:\/\/jemten.se\/index.php?rest_route=\/wp\/v2\/pages\/138"}],"wp:attachment":[{"href":"http:\/\/jemten.se\/index.php?rest_route=%2Fwp%2Fv2%2Fmedia&parent=172"}],"curies":[{"name":"wp","href":"https:\/\/api.w.org\/{rel}","templated":true}]}}